{"id":400,"date":"2020-12-21T00:11:03","date_gmt":"2020-12-21T00:11:03","guid":{"rendered":"https:\/\/hermanasdesantacruz.org\/?page_id=400"},"modified":"2020-12-21T00:16:09","modified_gmt":"2020-12-21T00:16:09","slug":"testimonio-catherine-poirier-csc","status":"publish","type":"page","link":"https:\/\/hermanasdesantacruz.org\/index.php\/testimonio-catherine-poirier-csc\/","title":{"rendered":"Testimonio Catherine Poirier CSC"},"content":{"rendered":"\t\t<div data-elementor-type=\"wp-page\" data-elementor-id=\"400\" class=\"elementor elementor-400\">\n\t\t\t\t\t\t<section class=\"elementor-section elementor-top-section elementor-element elementor-element-955b253 elementor-section-boxed elementor-section-height-default elementor-section-height-default\" data-id=\"955b253\" data-element_type=\"section\">\n\t\t\t\t\t\t<div class=\"elementor-container elementor-column-gap-default\">\n\t\t\t\t\t<div class=\"elementor-column elementor-col-25 elementor-top-column elementor-element elementor-element-ca91b24\" data-id=\"ca91b24\" data-element_type=\"column\">\n\t\t\t<div class=\"elementor-widget-wrap elementor-element-populated\">\n\t\t\t\t\t\t<div class=\"elementor-element elementor-element-e451c7d elementor-widget elementor-widget-image\" data-id=\"e451c7d\" data-element_type=\"widget\" data-widget_type=\"image.default\">\n\t\t\t\t<div class=\"elementor-widget-container\">\n\t\t\t\t\t\t\t\t\t\t\t\t\t<img decoding=\"async\" src=\"https:\/\/hermanasdesantacruz.org\/wp-content\/uploads\/2020\/12\/CatherinePoirier.jpg\" title=\"CatherinePoirier\" alt=\"CatherinePoirier\" loading=\"lazy\" \/>\t\t\t\t\t\t\t\t\t\t\t\t\t<\/div>\n\t\t\t\t<\/div>\n\t\t\t\t\t<\/div>\n\t\t<\/div>\n\t\t\t\t<div class=\"elementor-column elementor-col-50 elementor-top-column elementor-element elementor-element-7c53055\" data-id=\"7c53055\" data-element_type=\"column\">\n\t\t\t<div class=\"elementor-widget-wrap elementor-element-populated\">\n\t\t\t\t\t\t<div class=\"elementor-element elementor-element-18fca508 elementor-widget elementor-widget-text-editor\" data-id=\"18fca508\" data-element_type=\"widget\" data-widget_type=\"text-editor.default\">\n\t\t\t\t<div class=\"elementor-widget-container\">\n\t\t\t\t\t\t\t<p>Nac\u00ed el 21 de abril de 1932 en la ciudad de Concord, New Hampshire en los EEUU. Soy la segunda de cuatro hermanos. Cuando estuve en la escuela tuve muchas oportunidades de encontrar y admirar a las Hermanas de Santa Cruz que viv\u00edan al otro lado de nuestra calle. Un d\u00eda escuch\u00e9 a mi pap\u00e1 decir: \u00abMe gustar\u00eda tanto que uno de mis hijos fuera religioso\u00bb. Estas palabras despertaron en m\u00ed algo muy fuerte.<\/p><p>En agosto de 1950 entre como postulante en la Congregaci\u00f3n Santa Cruz en Montreal, Canad\u00e1. Despu\u00e9s del noviciado y juniorado celebr\u00e9 mis votos perpetuos en agosto de 1957. Aunque desde el inicio de mi formaci\u00f3n viv\u00ed algo muy sincero en mi camino, aprend\u00ed cuan preciosa fue la fundaci\u00f3n de la Congregaci\u00f3n y c\u00f3mo la historia fue llena de sorpresas y desaf\u00edos.<\/p><p>Los a\u00f1os siguientes ense\u00f1\u00e9 en el nivel b\u00e1sico y medio en Nueva York y Vermont. Luego cambi\u00e9, ya que asum\u00ed el cargo de directora del colegio San Jos\u00e9 en el estado de New Hampshire y eso fue muy satisfactorio para m\u00ed. Me gusta todo lo relacionado a la educaci\u00f3n con ni\u00f1os y recib\u00ed de la Congregaci\u00f3n todo para hacerlo bien. En comunidad, las hermanas me ayudaron a crecer, a ir m\u00e1s all\u00e1 en mi vocaci\u00f3n y a descubrir la fidelidad de Dios en mi vida como mujer en Santa Cruz. Desempe\u00f1\u00e9 tambi\u00e9n el servicio de Directora de Ministerios, pero guardaba el sue\u00f1o de salir a las misiones extranjeras.<\/p><p>La Congregaci\u00f3n me invit\u00f3 en 1991 a unirme a la misi\u00f3n del Per\u00fa. Despu\u00e9s de el espa\u00f1ol en Lima, he trabajado en colaboraci\u00f3n con los Padres de Santa Cruz por diez a\u00f1os, en un proyecto de rehabilitaci\u00f3n integral de ni\u00f1os con dificultades mentales y f\u00edsicas. Los fines de semana ayudaba como coordinadora de la capilla Se\u00f1or de los Milagros. Ah\u00ed aprend\u00ed m\u00e1s de lo que esperaba en medio de la gente humilde.<\/p><p>En el 2001 llegue a Santiago de Chile para dirigir un Hogar de ni\u00f1os abandonados. Este fue un proyecto de los padres de Santa Cruz. Ahora los ni\u00f1os bajo la protecci\u00f3n de un matrimonio, viven en casas familiares. Actualmente estoy dirigiendo el Centro de Apostolado del Rosario en Familia. Tengo mucho que aprender del P. Patrick Peyton csc fundador de la obra. Vivo y trabajo tambi\u00e9n en la Parroquia Nuestra Se\u00f1ora de Andacollo dirigido por los padres de Santa Cruz. Estar en Chile es un privilegio en mi vida y doy gracias al Se\u00f1or.<\/p><p>Por quince a\u00f1os he visto el brote de Santa Cruz crecer en Lima y en Puno (Per\ufffd). Eso me llena de esperanza en nuestro futuro. Quiero seguir colaborando donde el Esp\u00edritu me manda y gritar mi agradecimiento por lo que he recibido y vivido en mi familia de Santa Cruz, gozando de la fidelidad de Dios en mi vida. Tengo el mismo deseo para las j\u00f3venes que se unen a nosotras con generosidad.<\/p>\t\t\t\t\t\t<\/div>\n\t\t\t\t<\/div>\n\t\t\t\t\t<\/div>\n\t\t<\/div>\n\t\t\t\t<div class=\"elementor-column elementor-col-25 elementor-top-column elementor-element elementor-element-63b6b7a\" data-id=\"63b6b7a\" data-element_type=\"column\">\n\t\t\t<div class=\"elementor-widget-wrap elementor-element-populated\">\n\t\t\t\t\t\t<div class=\"elementor-element elementor-element-adbc71b elementor-widget elementor-widget-nav-menu\" data-id=\"adbc71b\" data-element_type=\"widget\" data-widget_type=\"nav-menu.default\">\n\t\t\t\t<div class=\"elementor-widget-container\">\n\t\t\t \t\t<\/div>\n\t\t\t\t<\/div>\n\t\t\t\t<div class=\"elementor-element elementor-element-571f8cd elementor-widget elementor-widget-image\" data-id=\"571f8cd\" data-element_type=\"widget\" data-widget_type=\"image.default\">\n\t\t\t\t<div class=\"elementor-widget-container\">\n\t\t\t\t\t\t\t\t\t\t\t\t\t<img fetchpriority=\"high\" decoding=\"async\" width=\"716\" height=\"1024\" src=\"https:\/\/hermanasdesantacruz.org\/wp-content\/uploads\/2020\/12\/cruz-CSC-con-fondo-716x1024.png\" class=\"attachment-large size-large wp-image-295\" alt=\"\" srcset=\"https:\/\/hermanasdesantacruz.org\/wp-content\/uploads\/2020\/12\/cruz-CSC-con-fondo-716x1024.png 716w, https:\/\/hermanasdesantacruz.org\/wp-content\/uploads\/2020\/12\/cruz-CSC-con-fondo-210x300.png 210w, https:\/\/hermanasdesantacruz.org\/wp-content\/uploads\/2020\/12\/cruz-CSC-con-fondo-768x1098.png 768w, https:\/\/hermanasdesantacruz.org\/wp-content\/uploads\/2020\/12\/cruz-CSC-con-fondo-1075x1536.png 1075w, https:\/\/hermanasdesantacruz.org\/wp-content\/uploads\/2020\/12\/cruz-CSC-con-fondo-1433x2048.png 1433w, https:\/\/hermanasdesantacruz.org\/wp-content\/uploads\/2020\/12\/cruz-CSC-con-fondo-700x1001.png 700w, https:\/\/hermanasdesantacruz.org\/wp-content\/uploads\/2020\/12\/cruz-CSC-con-fondo.png 1728w\" sizes=\"(max-width: 716px) 100vw, 716px\" \/>\t\t\t\t\t\t\t\t\t\t\t\t\t<\/div>\n\t\t\t\t<\/div>\n\t\t\t\t\t<\/div>\n\t\t<\/div>\n\t\t\t\t\t<\/div>\n\t\t<\/section>\n\t\t\t\t<\/div>\n\t\t","protected":false},"excerpt":{"rendered":"<p>Nac\u00ed el 21 de abril de 1932 en la ciudad de Concord, New Hampshire en los EEUU. Soy la segunda de cuatro hermanos. Cuando estuve en<span class=\"excerpt-hellip\"> [\u2026]<\/span><\/p>\n","protected":false},"author":1,"featured_media":0,"parent":0,"menu_order":0,"comment_status":"closed","ping_status":"closed","template":"","meta":{"footnotes":""},"class_list":["post-400","page","type-page","status-publish","hentry"],"yoast_head":"<!-- This site is optimized with the Yoast SEO plugin v23.1 - https:\/\/yoast.com\/wordpress\/plugins\/seo\/ -->\n<title>Testimonio Catherine Poirier CSC - Congregaci\u00f3n Hermanas de Santa Cruz<\/title>\n<meta name=\"robots\" content=\"index, follow, max-snippet:-1, max-image-preview:large, max-video-preview:-1\" \/>\n<link rel=\"canonical\" href=\"https:\/\/hermanasdesantacruz.org\/index.php\/testimonio-catherine-poirier-csc\/\" \/>\n<meta property=\"og:locale\" content=\"es_ES\" \/>\n<meta property=\"og:type\" content=\"article\" \/>\n<meta property=\"og:title\" content=\"Testimonio Catherine Poirier CSC - Congregaci\u00f3n Hermanas de Santa Cruz\" \/>\n<meta property=\"og:description\" content=\"Nac\u00ed el 21 de abril de 1932 en la ciudad de Concord, New Hampshire en los EEUU. Soy la segunda de cuatro hermanos. Cuando estuve en [\u2026]\" \/>\n<meta property=\"og:url\" content=\"https:\/\/hermanasdesantacruz.org\/index.php\/testimonio-catherine-poirier-csc\/\" \/>\n<meta property=\"og:site_name\" content=\"Congregaci\u00f3n Hermanas de Santa Cruz\" \/>\n<meta property=\"article:modified_time\" content=\"2020-12-21T00:16:09+00:00\" \/>\n<meta property=\"og:image\" content=\"https:\/\/hermanasdesantacruz.org\/wp-content\/uploads\/2020\/12\/CatherinePoirier.jpg\" \/>\n<meta name=\"twitter:card\" content=\"summary_large_image\" \/>\n<meta name=\"twitter:label1\" content=\"Tiempo de lectura\" \/>\n\t<meta name=\"twitter:data1\" content=\"3 minutos\" \/>\n<script type=\"application\/ld+json\" class=\"yoast-schema-graph\">{\"@context\":\"https:\/\/schema.org\",\"@graph\":[{\"@type\":\"WebPage\",\"@id\":\"https:\/\/hermanasdesantacruz.org\/index.php\/testimonio-catherine-poirier-csc\/\",\"url\":\"https:\/\/hermanasdesantacruz.org\/index.php\/testimonio-catherine-poirier-csc\/\",\"name\":\"Testimonio Catherine Poirier CSC - Congregaci\u00f3n Hermanas de Santa Cruz\",\"isPartOf\":{\"@id\":\"https:\/\/hermanasdesantacruz.org\/#website\"},\"primaryImageOfPage\":{\"@id\":\"https:\/\/hermanasdesantacruz.org\/index.php\/testimonio-catherine-poirier-csc\/#primaryimage\"},\"image\":{\"@id\":\"https:\/\/hermanasdesantacruz.org\/index.php\/testimonio-catherine-poirier-csc\/#primaryimage\"},\"thumbnailUrl\":\"https:\/\/hermanasdesantacruz.org\/wp-content\/uploads\/2020\/12\/CatherinePoirier.jpg\",\"datePublished\":\"2020-12-21T00:11:03+00:00\",\"dateModified\":\"2020-12-21T00:16:09+00:00\",\"breadcrumb\":{\"@id\":\"https:\/\/hermanasdesantacruz.org\/index.php\/testimonio-catherine-poirier-csc\/#breadcrumb\"},\"inLanguage\":\"es\",\"potentialAction\":[{\"@type\":\"ReadAction\",\"target\":[\"https:\/\/hermanasdesantacruz.org\/index.php\/testimonio-catherine-poirier-csc\/\"]}]},{\"@type\":\"ImageObject\",\"inLanguage\":\"es\",\"@id\":\"https:\/\/hermanasdesantacruz.org\/index.php\/testimonio-catherine-poirier-csc\/#primaryimage\",\"url\":\"https:\/\/hermanasdesantacruz.org\/wp-content\/uploads\/2020\/12\/CatherinePoirier.jpg\",\"contentUrl\":\"https:\/\/hermanasdesantacruz.org\/wp-content\/uploads\/2020\/12\/CatherinePoirier.jpg\",\"width\":210,\"height\":330},{\"@type\":\"BreadcrumbList\",\"@id\":\"https:\/\/hermanasdesantacruz.org\/index.php\/testimonio-catherine-poirier-csc\/#breadcrumb\",\"itemListElement\":[{\"@type\":\"ListItem\",\"position\":1,\"name\":\"Home\",\"item\":\"https:\/\/hermanasdesantacruz.org\/\"},{\"@type\":\"ListItem\",\"position\":2,\"name\":\"Testimonio Catherine Poirier CSC\"}]},{\"@type\":\"WebSite\",\"@id\":\"https:\/\/hermanasdesantacruz.org\/#website\",\"url\":\"https:\/\/hermanasdesantacruz.org\/\",\"name\":\"Congregaci\u00f3n Hermanas de Santa Cruz\",\"description\":\"Hermanas de Santa Cruz - Tacna\",\"potentialAction\":[{\"@type\":\"SearchAction\",\"target\":{\"@type\":\"EntryPoint\",\"urlTemplate\":\"https:\/\/hermanasdesantacruz.org\/?s={search_term_string}\"},\"query-input\":\"required name=search_term_string\"}],\"inLanguage\":\"es\"}]}<\/script>\n<!-- \/ Yoast SEO plugin. -->","yoast_head_json":{"title":"Testimonio Catherine Poirier CSC - Congregaci\u00f3n Hermanas de Santa Cruz","robots":{"index":"index","follow":"follow","max-snippet":"max-snippet:-1","max-image-preview":"max-image-preview:large","max-video-preview":"max-video-preview:-1"},"canonical":"https:\/\/hermanasdesantacruz.org\/index.php\/testimonio-catherine-poirier-csc\/","og_locale":"es_ES","og_type":"article","og_title":"Testimonio Catherine Poirier CSC - Congregaci\u00f3n Hermanas de Santa Cruz","og_description":"Nac\u00ed el 21 de abril de 1932 en la ciudad de Concord, New Hampshire en los EEUU. Soy la segunda de cuatro hermanos. Cuando estuve en [\u2026]","og_url":"https:\/\/hermanasdesantacruz.org\/index.php\/testimonio-catherine-poirier-csc\/","og_site_name":"Congregaci\u00f3n Hermanas de Santa Cruz","article_modified_time":"2020-12-21T00:16:09+00:00","og_image":[{"url":"https:\/\/hermanasdesantacruz.org\/wp-content\/uploads\/2020\/12\/CatherinePoirier.jpg"}],"twitter_card":"summary_large_image","twitter_misc":{"Tiempo de lectura":"3 minutos"},"schema":{"@context":"https:\/\/schema.org","@graph":[{"@type":"WebPage","@id":"https:\/\/hermanasdesantacruz.org\/index.php\/testimonio-catherine-poirier-csc\/","url":"https:\/\/hermanasdesantacruz.org\/index.php\/testimonio-catherine-poirier-csc\/","name":"Testimonio Catherine Poirier CSC - Congregaci\u00f3n Hermanas de Santa Cruz","isPartOf":{"@id":"https:\/\/hermanasdesantacruz.org\/#website"},"primaryImageOfPage":{"@id":"https:\/\/hermanasdesantacruz.org\/index.php\/testimonio-catherine-poirier-csc\/#primaryimage"},"image":{"@id":"https:\/\/hermanasdesantacruz.org\/index.php\/testimonio-catherine-poirier-csc\/#primaryimage"},"thumbnailUrl":"https:\/\/hermanasdesantacruz.org\/wp-content\/uploads\/2020\/12\/CatherinePoirier.jpg","datePublished":"2020-12-21T00:11:03+00:00","dateModified":"2020-12-21T00:16:09+00:00","breadcrumb":{"@id":"https:\/\/hermanasdesantacruz.org\/index.php\/testimonio-catherine-poirier-csc\/#breadcrumb"},"inLanguage":"es","potentialAction":[{"@type":"ReadAction","target":["https:\/\/hermanasdesantacruz.org\/index.php\/testimonio-catherine-poirier-csc\/"]}]},{"@type":"ImageObject","inLanguage":"es","@id":"https:\/\/hermanasdesantacruz.org\/index.php\/testimonio-catherine-poirier-csc\/#primaryimage","url":"https:\/\/hermanasdesantacruz.org\/wp-content\/uploads\/2020\/12\/CatherinePoirier.jpg","contentUrl":"https:\/\/hermanasdesantacruz.org\/wp-content\/uploads\/2020\/12\/CatherinePoirier.jpg","width":210,"height":330},{"@type":"BreadcrumbList","@id":"https:\/\/hermanasdesantacruz.org\/index.php\/testimonio-catherine-poirier-csc\/#breadcrumb","itemListElement":[{"@type":"ListItem","position":1,"name":"Home","item":"https:\/\/hermanasdesantacruz.org\/"},{"@type":"ListItem","position":2,"name":"Testimonio Catherine Poirier CSC"}]},{"@type":"WebSite","@id":"https:\/\/hermanasdesantacruz.org\/#website","url":"https:\/\/hermanasdesantacruz.org\/","name":"Congregaci\u00f3n Hermanas de Santa Cruz","description":"Hermanas de Santa Cruz - Tacna","potentialAction":[{"@type":"SearchAction","target":{"@type":"EntryPoint","urlTemplate":"https:\/\/hermanasdesantacruz.org\/?s={search_term_string}"},"query-input":"required name=search_term_string"}],"inLanguage":"es"}]}},"_links":{"self":[{"href":"https:\/\/hermanasdesantacruz.org\/index.php\/wp-json\/wp\/v2\/pages\/400","targetHints":{"allow":["GET"]}}],"collection":[{"href":"https:\/\/hermanasdesantacruz.org\/index.php\/wp-json\/wp\/v2\/pages"}],"about":[{"href":"https:\/\/hermanasdesantacruz.org\/index.php\/wp-json\/wp\/v2\/types\/page"}],"author":[{"embeddable":true,"href":"https:\/\/hermanasdesantacruz.org\/index.php\/wp-json\/wp\/v2\/users\/1"}],"replies":[{"embeddable":true,"href":"https:\/\/hermanasdesantacruz.org\/index.php\/wp-json\/wp\/v2\/comments?post=400"}],"version-history":[{"count":4,"href":"https:\/\/hermanasdesantacruz.org\/index.php\/wp-json\/wp\/v2\/pages\/400\/revisions"}],"predecessor-version":[{"id":407,"href":"https:\/\/hermanasdesantacruz.org\/index.php\/wp-json\/wp\/v2\/pages\/400\/revisions\/407"}],"wp:attachment":[{"href":"https:\/\/hermanasdesantacruz.org\/index.php\/wp-json\/wp\/v2\/media?parent=400"}],"curies":[{"name":"wp","href":"https:\/\/api.w.org\/{rel}","templated":true}]}}